{"id":91,"date":"2021-10-01T07:45:07","date_gmt":"2021-10-01T07:45:07","guid":{"rendered":"http:\/\/escoladecirc.cat\/?page_id=91"},"modified":"2025-07-25T19:07:42","modified_gmt":"2025-07-25T19:07:42","slug":"inscripcions","status":"publish","type":"page","link":"https:\/\/escoladecirc.cat\/index.php\/inscripcions\/","title":{"rendered":"INSCRIPCIONS 2025 &#8211; 2026"},"content":{"rendered":"<div class=\"post-content\">\n<p><strong>ESCOLA INFANTIL:<\/strong><\/p>\n\n\n\n<ul class=\"wp-block-list\">\n<li>Els alumnes de l\u2019escola de Circ, podeu reservar pla\u00e7a pel curs 2024-25 <strong>A PARTIR DEL 10 DE JUNY<\/strong>. Cal que ens comuniqueu via mail el dia i hora que voldreu fer classe. Tamb\u00e9 haureu de fer un pagament de 10\u20ac en concepte de reserva de pla\u00e7a abans del 30 de juny, que es descomptar\u00e0 del rebut del mes de setembre (35\u20ac quota+15\u20ac asseguran\u00e7a).<\/li>\n\n\n\n<li>Els nous alumnes podeu reservar pla\u00e7a <strong>A PARTIR DEL 17 DE JUNY. <\/strong>Caldr\u00e0 que ens comuniquin via mail a <a href=\"mailto:info@escoladecirc.cat\">info@escoladecirc.cat<\/a>&nbsp;el dia i hora que es volen apuntar. Els informarem de la disponibilitat de places. Per reservar la pla\u00e7a hauran de fer un pagament de 10\u20ac en concepte de reserva de pla\u00e7a que es descomptara de la quota del mes de setembre.<\/li>\n\n\n\n<li>Caldr\u00e0 omplenar i entregar la seg\u00fcent documentaci\u00f3 abans de l&#8217;inici de les classes:<\/li>\n<\/ul>\n\n\n\n<div class=\"wp-block-columns is-layout-flex wp-container-core-columns-is-layout-9d6595d7 wp-block-columns-is-layout-flex\">\n<div class=\"wp-block-column is-layout-flow wp-block-column-is-layout-flow\">\n<div class=\"wp-block-buttons is-layout-flex wp-block-buttons-is-layout-flex\">\n<div class=\"wp-block-button\"><a class=\"wp-block-button__link wp-element-button\" href=\"http:\/\/escoladecirc.cat\/wp-content\/uploads\/2025\/07\/INSCRIPCIO-ESCOLA-INFANTIL-2025_26.pdf\">Inscripci\u00f3<\/a><\/div>\n<\/div>\n<\/div>\n\n\n\n<div class=\"wp-block-column is-layout-flow wp-block-column-is-layout-flow\">\n<div class=\"wp-block-buttons is-layout-flex wp-block-buttons-is-layout-flex\">\n<div class=\"wp-block-button\"><a class=\"wp-block-button__link wp-element-button\" href=\"http:\/\/escoladecirc.cat\/wp-content\/uploads\/2025\/07\/AUTORITZACIONS-2025_26.pdf\">Autoritzacions<\/a><\/div>\n<\/div>\n<\/div>\n\n\n\n<div class=\"wp-block-column is-layout-flow wp-block-column-is-layout-flow\">\n<div class=\"wp-block-buttons is-layout-flex wp-block-buttons-is-layout-flex\">\n<div class=\"wp-block-button\"><a class=\"wp-block-button__link wp-element-button\" href=\"http:\/\/escoladecirc.cat\/wp-content\/uploads\/2025\/07\/AUTORITZACIO-SEPA-2025_26.pdf\">Domiciliaci\u00f3 banc\u00e0ria<\/a><\/div>\n<\/div>\n<\/div>\n<\/div>\n\n\n\n<p class=\"has-text-align-center\">Per fer el pagament ho podeu fer fent una transfer\u00e8ncia al seg\u00fcent n\u00famero de compte o per bizum. <\/p>\n\n\n\n<p class=\"has-text-align-center\">Indicant en els dos casos:\u00a0 <strong>Circ25-26.Nom del nen\/nena<\/strong><\/p>\n\n\n\n<figure class=\"wp-block-table aligncenter\"><table><tbody><tr><td>N\u00ba de compte: <strong>ES04 2100 3086 7921 0053 7093<\/strong><\/td><\/tr><\/tbody><\/table><\/figure>\n\n\n\n<figure class=\"wp-block-table aligncenter\"><table><tbody><tr><td>Bizum tel\u00e8fon: <strong><a href=\"tel:+34646291765\">646 291 765<\/a><\/strong><\/td><\/tr><\/tbody><\/table><\/figure>\n\n\n\n<hr class=\"wp-block-separator has-alpha-channel-opacity\"\/>\n\n\n\n<p><strong><a href=\"http:\/\/escoladecirc.cat\/index.php\/horaris\/\" data-type=\"page\" data-id=\"89\">HORARIS:<\/a><\/strong><\/p>\n\n\n\n<div class=\"wp-block-group\"><div class=\"wp-block-group__inner-container is-layout-flow wp-block-group-is-layout-flow\">\n<figure class=\"wp-block-table aligncenter is-style-regular\"><table><thead><tr><th class=\"has-text-align-center\" data-align=\"center\"><\/th><th class=\"has-text-align-center\" data-align=\"center\">Dilluns<\/th><th class=\"has-text-align-center\" data-align=\"center\">Dimarts<\/th><th class=\"has-text-align-center\" data-align=\"center\">Dimecres<\/th><th class=\"has-text-align-center\" data-align=\"center\">Dijous<\/th><th class=\"has-text-align-center\" data-align=\"center\">Divendres<\/th><\/tr><\/thead><tbody><tr><td class=\"has-text-align-center\" data-align=\"center\"><\/td><td class=\"has-text-align-center\" data-align=\"center\"><\/td><td class=\"has-text-align-center\" data-align=\"center\"><\/td><td class=\"has-text-align-center\" data-align=\"center\"><\/td><td class=\"has-text-align-center\" data-align=\"center\"><\/td><td class=\"has-text-align-center\" data-align=\"center\"><\/td><\/tr><tr><td class=\"has-text-align-center\" data-align=\"center\">de 17:00h<br>a 18:15h<\/td><td class=\"has-text-align-center\" data-align=\"center\"><strong>CIRC<\/strong><br><strong>PETITS<\/strong><\/td><td class=\"has-text-align-center\" data-align=\"center\"><strong>CIRC<\/strong><br><strong>MITJANS<\/strong><\/td><td class=\"has-text-align-center\" data-align=\"center\"><strong>CIRC<\/strong><br><strong>PETITS<\/strong><\/td><td class=\"has-text-align-center\" data-align=\"center\"><strong>CIRC<\/strong><br><strong><strong>MITJANS<\/strong><\/strong><\/td><td class=\"has-text-align-center\" data-align=\"center\"><\/td><\/tr><tr><td class=\"has-text-align-center\" data-align=\"center\"><\/td><td class=\"has-text-align-center\" data-align=\"center\"><\/td><td class=\"has-text-align-center\" data-align=\"center\"><\/td><td class=\"has-text-align-center\" data-align=\"center\"><\/td><td class=\"has-text-align-center\" data-align=\"center\"><\/td><td class=\"has-text-align-center\" data-align=\"center\"><\/td><\/tr><tr><td class=\"has-text-align-center\" data-align=\"center\">de 18:30h<br>a 19:45h<\/td><td class=\"has-text-align-center\" data-align=\"center\"><\/td><td class=\"has-text-align-center\" data-align=\"center\"> <strong>CIRC<\/strong><br><strong><strong><strong>GRANS<\/strong><\/strong><\/strong> <\/td><td class=\"has-text-align-center\" data-align=\"center\"><strong>CIRC<\/strong><br><strong><strong>GRANS<\/strong><\/strong><\/td><td class=\"has-text-align-center\" data-align=\"center\"> <strong>CIRC<\/strong><br><strong><strong>GRANS<\/strong><\/strong><\/td><td class=\"has-text-align-center\" data-align=\"center\"><\/td><\/tr><tr><td class=\"has-text-align-center\" data-align=\"center\"><\/td><td class=\"has-text-align-center\" data-align=\"center\"><\/td><td class=\"has-text-align-center\" data-align=\"center\"><\/td><td class=\"has-text-align-center\" data-align=\"center\"><\/td><td class=\"has-text-align-center\" data-align=\"center\"><\/td><td class=\"has-text-align-center\" data-align=\"center\"><\/td><\/tr><tr><td class=\"has-text-align-center\" data-align=\"center\">de 20:00h<br>a 22:00h<\/td><td class=\"has-text-align-center\" data-align=\"center\"><strong>AERIS<\/strong><br><strong>ADULTS<\/strong><\/td><td class=\"has-text-align-center\" data-align=\"center\"><strong>ACROB\u00c0CIES<\/strong><br><strong>ADULTS<\/strong><\/td><td class=\"has-text-align-center\" data-align=\"center\"><strong>AERIS<br>ADULTS<\/strong><\/td><td class=\"has-text-align-center\" data-align=\"center\"><strong>ACROB\u00c0CIES<\/strong><br><strong>ADULTS<\/strong><\/td><td class=\"has-text-align-center\" data-align=\"center\"><\/td><\/tr><\/tbody><\/table><\/figure>\n<\/div><\/div>\n\n\n\n<hr class=\"wp-block-separator has-alpha-channel-opacity\"\/>\n\n\n\n<div class=\"wp-block-columns is-layout-flex wp-container-core-columns-is-layout-9d6595d7 wp-block-columns-is-layout-flex\">\n<div class=\"wp-block-column is-layout-flow wp-block-column-is-layout-flow\" style=\"flex-basis:50%\">\n<p><strong>PREUS NENS I NENES<\/strong>:<\/p>\n\n\n\n<ul style=\"font-size:25px\" class=\"wp-block-list\">\n<li>Matricula: <strong>25\u20ac<\/strong><\/li>\n\n\n\n<li>Asseguran\u00e7a: <strong>15\u20ac\/any<\/strong><\/li>\n<\/ul>\n\n\n\n<ul style=\"font-size:25px\" class=\"wp-block-list\">\n<li>1 Classe per setmana: \u00a0<strong>40\u20ac\/mes<\/strong><\/li>\n\n\n\n<li>2 Classes per setmana:\u00a0 <strong>70\u20ac\/mes<\/strong><\/li>\n<\/ul>\n\n\n\n<hr class=\"wp-block-separator has-alpha-channel-opacity is-style-wide\"\/>\n\n\n\n<p><strong>PREUS ADULTS:<\/strong><\/p>\n\n\n\n<ul style=\"font-size:25px\" class=\"wp-block-list\">\n<li>Matricula: <strong>25\u20ac<\/strong><\/li>\n\n\n\n<li>Asseguran\u00e7a: <strong>15\u20ac\/any<\/strong><\/li>\n<\/ul>\n\n\n\n<ul style=\"font-size:25px\" class=\"wp-block-list\">\n<li>1 Classe per setmana: &nbsp;<strong>45\u20ac\/mes<\/strong><\/li>\n\n\n\n<li>2 Classes per setmana:&nbsp; <strong>80\u20ac\/mes<\/strong><\/li>\n<\/ul>\n<\/div>\n\n\n\n<div class=\"wp-block-column is-layout-flow wp-block-column-is-layout-flow\" style=\"flex-basis:5%\"><\/div>\n\n\n\n<div class=\"wp-block-column is-layout-flow wp-block-column-is-layout-flow\" style=\"flex-basis:45%\">\n<figure class=\"wp-block-image size-full is-resized\"><img loading=\"lazy\" decoding=\"async\" width=\"471\" height=\"512\" src=\"http:\/\/escoladecirc.cat\/wp-content\/uploads\/2021\/10\/Laia-trape.jpg\" alt=\"\" class=\"wp-image-101\" style=\"width:505px;height:549px\" srcset=\"https:\/\/escoladecirc.cat\/wp-content\/uploads\/2021\/10\/Laia-trape.jpg 471w, https:\/\/escoladecirc.cat\/wp-content\/uploads\/2021\/10\/Laia-trape-276x300.jpg 276w\" sizes=\"auto, (max-width: 471px) 100vw, 471px\" \/><\/figure>\n<\/div>\n<\/div>\n<\/div>","protected":false},"excerpt":{"rendered":"<p>ESCOLA INFANTIL: Per fer el pagament ho podeu fer fent<a href=\"https:\/\/escoladecirc.cat\/index.php\/inscripcions\/\" class=\"darkbiz-read-more\">Read More<i class=\"fa fa-long-arrow-right\" aria-hidden=\"true\"><\/i><\/a><\/p>\n","protected":false},"author":1,"featured_media":0,"parent":0,"menu_order":0,"comment_status":"closed","ping_status":"closed","template":"","meta":{"footnotes":""},"class_list":["post-91","page","type-page","status-publish","hentry"],"_links":{"self":[{"href":"https:\/\/escoladecirc.cat\/index.php\/wp-json\/wp\/v2\/pages\/91","targetHints":{"allow":["GET"]}}],"collection":[{"href":"https:\/\/escoladecirc.cat\/index.php\/wp-json\/wp\/v2\/pages"}],"about":[{"href":"https:\/\/escoladecirc.cat\/index.php\/wp-json\/wp\/v2\/types\/page"}],"author":[{"embeddable":true,"href":"https:\/\/escoladecirc.cat\/index.php\/wp-json\/wp\/v2\/users\/1"}],"replies":[{"embeddable":true,"href":"https:\/\/escoladecirc.cat\/index.php\/wp-json\/wp\/v2\/comments?post=91"}],"version-history":[{"count":40,"href":"https:\/\/escoladecirc.cat\/index.php\/wp-json\/wp\/v2\/pages\/91\/revisions"}],"predecessor-version":[{"id":518,"href":"https:\/\/escoladecirc.cat\/index.php\/wp-json\/wp\/v2\/pages\/91\/revisions\/518"}],"wp:attachment":[{"href":"https:\/\/escoladecirc.cat\/index.php\/wp-json\/wp\/v2\/media?parent=91"}],"curies":[{"name":"wp","href":"https:\/\/api.w.org\/{rel}","templated":true}]}}