{"id":48,"date":"2021-09-30T16:26:55","date_gmt":"2021-09-30T16:26:55","guid":{"rendered":"http:\/\/escoladecirc.cat\/?page_id=48"},"modified":"2022-11-06T10:47:30","modified_gmt":"2022-11-06T10:47:30","slug":"informacio","status":"publish","type":"page","link":"https:\/\/escoladecirc.cat\/index.php\/informacio\/","title":{"rendered":"Informaci\u00f3"},"content":{"rendered":"<div class=\"post-content\">\n<p class=\"has-text-align-center has-large-font-size\"><strong>Benvinguts!<\/strong><\/p>\n\n\n\n<div class=\"wp-block-columns is-layout-flex wp-container-core-columns-is-layout-9d6595d7 wp-block-columns-is-layout-flex\">\n<div class=\"wp-block-column is-layout-flow wp-block-column-is-layout-flow\" style=\"flex-basis:100%\">\n<div class=\"wp-block-columns is-layout-flex wp-container-core-columns-is-layout-9d6595d7 wp-block-columns-is-layout-flex\">\n<div class=\"wp-block-column is-layout-flow wp-block-column-is-layout-flow\" style=\"flex-basis:50%\">\n<div class=\"wp-block-columns is-layout-flex wp-container-core-columns-is-layout-9d6595d7 wp-block-columns-is-layout-flex\">\n<div class=\"wp-block-column is-layout-flow wp-block-column-is-layout-flow\" style=\"flex-basis:800px\">\n<figure class=\"wp-block-image size-large is-resized\"><img loading=\"lazy\" decoding=\"async\" src=\"http:\/\/escoladecirc.cat\/wp-content\/uploads\/2021\/09\/Marina-teles-1-441x1024.jpg\" alt=\"\" class=\"wp-image-60\" width=\"398\" height=\"926\"\/><\/figure>\n<\/div>\n<\/div>\n<\/div>\n\n\n\n<div class=\"wp-block-column is-layout-flow wp-block-column-is-layout-flow\" style=\"flex-basis:700px\">\n<p style=\"font-size:25px\">L\u2019Escola de Circ de Cerdanyola neix amb la voluntat d\u2019apropar el mon del circ a petits i grans.<\/p>\n\n\n\n<p style=\"font-size:25px\">L\u2019objectiu principal \u00e9s oferir activitats de formaci\u00f3 art\u00edstica de qualitat tot posant en valor l\u2019aspecte l\u00fadic que ens ofereix el treball de les diferents disciplines circenses.<\/p>\n\n\n\n<p style=\"font-size:25px\">Tamb\u00e9 busca donar resposta a aquelles persones que cerquen realitzar activitat f\u00edsica m\u00e9s enll\u00e0 de l\u2019\u00e0mbit esportiu.<\/p>\n\n\n\n<p style=\"font-size:25px\">L\u2019Escola de Circ de Cerdanyola pret\u00e9n oferir activitat f\u00edsica saludable, l\u00fadica i no-competitiva.<\/p>\n<\/div>\n<\/div>\n\n\n\n<p class=\"has-text-align-center\" style=\"font-size:25px\">Per a m\u00e9s informaci\u00f3 podeu enviar una correu a: <a href=\"mailto:info@escoladecirc.cat\" data-type=\"mailto\" data-id=\"mailto:info@escoladecirc.cat\">info@escoladecirc.cat<\/a><\/p>\n<\/div>\n<\/div>\n\n\n\n<div class=\"wp-block-columns is-layout-flex wp-container-core-columns-is-layout-9d6595d7 wp-block-columns-is-layout-flex\">\n<div class=\"wp-block-column is-layout-flow wp-block-column-is-layout-flow\" style=\"flex-basis:100%\"><\/div>\n<\/div>\n<\/div>","protected":false},"excerpt":{"rendered":"<p>Benvinguts! L\u2019Escola de Circ de Cerdanyola neix amb la voluntat<a href=\"https:\/\/escoladecirc.cat\/index.php\/informacio\/\" class=\"darkbiz-read-more\">Read More<i class=\"fa fa-long-arrow-right\" aria-hidden=\"true\"><\/i><\/a><\/p>\n","protected":false},"author":1,"featured_media":0,"parent":0,"menu_order":0,"comment_status":"closed","ping_status":"closed","template":"","meta":{"footnotes":""},"class_list":["post-48","page","type-page","status-publish","hentry"],"_links":{"self":[{"href":"https:\/\/escoladecirc.cat\/index.php\/wp-json\/wp\/v2\/pages\/48","targetHints":{"allow":["GET"]}}],"collection":[{"href":"https:\/\/escoladecirc.cat\/index.php\/wp-json\/wp\/v2\/pages"}],"about":[{"href":"https:\/\/escoladecirc.cat\/index.php\/wp-json\/wp\/v2\/types\/page"}],"author":[{"embeddable":true,"href":"https:\/\/escoladecirc.cat\/index.php\/wp-json\/wp\/v2\/users\/1"}],"replies":[{"embeddable":true,"href":"https:\/\/escoladecirc.cat\/index.php\/wp-json\/wp\/v2\/comments?post=48"}],"version-history":[{"count":20,"href":"https:\/\/escoladecirc.cat\/index.php\/wp-json\/wp\/v2\/pages\/48\/revisions"}],"predecessor-version":[{"id":198,"href":"https:\/\/escoladecirc.cat\/index.php\/wp-json\/wp\/v2\/pages\/48\/revisions\/198"}],"wp:attachment":[{"href":"https:\/\/escoladecirc.cat\/index.php\/wp-json\/wp\/v2\/media?parent=48"}],"curies":[{"name":"wp","href":"https:\/\/api.w.org\/{rel}","templated":true}]}}